{"id":526,"date":"2020-11-27T15:38:58","date_gmt":"2020-11-27T15:38:58","guid":{"rendered":"https:\/\/t-zertifikat.ch\/about-the-t-certificate\/"},"modified":"2020-11-27T15:39:00","modified_gmt":"2020-11-27T15:39:00","slug":"about-the-t-certificate","status":"publish","type":"page","link":"https:\/\/t-zertifikat.ch\/en\/about-the-t-certificate\/","title":{"rendered":"About the T-Certificate"},"content":{"rendered":"<p>[et_pb_section fb_built=&#8221;1&#8243; _builder_version=&#8221;3.22&#8243;][et_pb_row _builder_version=&#8221;3.25&#8243; background_size=&#8221;initial&#8221; background_position=&#8221;top_left&#8221; background_repeat=&#8221;repeat&#8221;][et_pb_column type=&#8221;4_4&#8243; _builder_version=&#8221;3.25&#8243; custom_padding=&#8221;|||&#8221; custom_padding__hover=&#8221;|||&#8221;][et_pb_text admin_label=&#8221;Headline&#8221; _builder_version=&#8221;3.27.4&#8243; text_font=&#8221;Lato|700|||||||&#8221; header_font=&#8221;|700||on|||||&#8221; header_text_color=&#8221;#939acd&#8221; header_letter_spacing=&#8221;1px&#8221; border_radii=&#8221;|0px|0px|0px|0px&#8221; border_width_bottom=&#8221;2px&#8221; border_color_bottom=&#8221;#939acd&#8221;]<\/p>\n<h1>Auditing and certification<\/h1>\n<p>[\/et_pb_text][et_pb_text _builder_version=&#8221;3.27.4&#8243;]<\/p>\n<div class=\"entry-content\">\n<h2>Implementation<\/h2>\n<p>An auditor from the SGS Soci\u00e9t\u00e9 G\u00e9n\u00e9rale de Surveillance (the world&#8217;s largest certifier) and an expert in the field will audit the practice\/department\/clinic during one day on site (\u00bd day studying documents, \u00bd day discussions).<\/p>\n<h2>Supervision<\/h2>\n<p>The <a href=\"https:\/\/www.t-stiftung.ch\" target=\"_blank\" rel=\"noopener noreferrer\">T-Foundation for Transparency and Quality Assurance in Medicine<\/a>, Zurich has the overall supervision. The T-Foundation is a non-profit and tax-exempt foundation under the supervision of the Swiss Federal Supervisory Authority for Foundations of SECO.<\/p>\n<h2>Pricing<\/h2>\n<ul>\n<li>Normal clinic \/ department: CHF 8,800 per main audit every three years<\/li>\n<li>Group practice \/ individual practice: CHF 3,850 per main audit every three years<\/li>\n<li>Annual interim audits: CHF 3,850 (clinic\/ department\/) ; CHF 1,650 (group practice \/ individual practice)<\/li>\n<\/ul>\n<h2>Suitable for<\/h2>\n<p>Individual practices, group practices \/ centres, departments \/ clinics of hospitals<\/p>\n<h2>Expenditures<\/h2>\n<p>1 day in the respective institution, provided the quality is recorded, the results are worked with and the indication guidelines are documented or applied.<\/p>\n<h2>Uses<\/h2>\n<p>The T-Certificate label can be used for communication and advertising purposes.<\/p>\n<\/div>\n<p>[\/et_pb_text][\/et_pb_column][\/et_pb_row][et_pb_row column_structure=&#8221;1_2,1_2&#8243; use_custom_gutter=&#8221;on&#8221; gutter_width=&#8221;1&#8243; make_equal=&#8221;on&#8221; _builder_version=&#8221;3.25&#8243; module_alignment=&#8221;center&#8221;][et_pb_column type=&#8221;1_2&#8243; _builder_version=&#8221;3.25&#8243; custom_padding=&#8221;|||&#8221; custom_padding__hover=&#8221;|||&#8221;][et_pb_text admin_label=&#8221;Reglement&#8221; _builder_version=&#8221;3.27.4&#8243; custom_padding=&#8221;|0px||&#8221;]<\/p>\n<h3>Regulations<\/h3>\n<p>You can download the regulations here:<\/p>\n<p>&nbsp;<br \/>\n[\/et_pb_text][et_pb_image src=&#8221;https:\/\/t-zertifikat.ch\/wp-content\/uploads\/2018\/08\/titelblatt-reglement.png&#8221; url=&#8221;https:\/\/t-zertifikat.ch\/wp-content\/uploads\/2018\/08\/regl1610reglement_t_zertifikat_v2.19.pdf&#8221; use_overlay=&#8221;on&#8221; overlay_icon_color=&#8221;#2d2d2d&#8221; hover_overlay_color=&#8221;rgba(208,214,255,0.6)&#8221; hover_icon=&#8221;{31834d8ef0953508d4cdaf7974a60ee1e10c22a5dc0078927350640c3034e451}{31834d8ef0953508d4cdaf7974a60ee1e10c22a5dc0078927350640c3034e451}26{31834d8ef0953508d4cdaf7974a60ee1e10c22a5dc0078927350640c3034e451}{31834d8ef0953508d4cdaf7974a60ee1e10c22a5dc0078927350640c3034e451}&#8221; align=&#8221;center&#8221; align_tablet=&#8221;center&#8221; align_phone=&#8221;&#8221; align_last_edited=&#8221;on|desktop&#8221; _builder_version=&#8221;3.23&#8243; border_width_all=&#8221;1px&#8221; border_color_all=&#8221;#939acd&#8221;][\/et_pb_image][\/et_pb_column][et_pb_column type=&#8221;1_2&#8243; _builder_version=&#8221;3.25&#8243; custom_padding=&#8221;|||&#8221; custom_padding__hover=&#8221;|||&#8221;][et_pb_text admin_label=&#8221;Weitere Informationen&#8221; _builder_version=&#8221;3.27.4&#8243;]<\/p>\n<div class=\"entry-content\">\n<h3>Further information<\/h3>\n<p>can be found in the <strong>SGS-Flyer<\/strong>:<\/p>\n<p>&nbsp;<\/p>\n<\/div>\n<p>[\/et_pb_text][et_pb_image src=&#8221;https:\/\/t-zertifikat.ch\/wp-content\/uploads\/2018\/08\/titelblatt-sgs-flyer.png&#8221; url=&#8221;https:\/\/t-zertifikat.ch\/wp-content\/uploads\/2018\/08\/SGS-T-Zertifizierung-DE_18-02_RGB-1.pdf&#8221; url_new_window=&#8221;on&#8221; use_overlay=&#8221;on&#8221; overlay_icon_color=&#8221;rgba(45,45,45,0.51)&#8221; hover_overlay_color=&#8221;rgba(208,214,255,0.6)&#8221; hover_icon=&#8221;{31834d8ef0953508d4cdaf7974a60ee1e10c22a5dc0078927350640c3034e451}{31834d8ef0953508d4cdaf7974a60ee1e10c22a5dc0078927350640c3034e451}26{31834d8ef0953508d4cdaf7974a60ee1e10c22a5dc0078927350640c3034e451}{31834d8ef0953508d4cdaf7974a60ee1e10c22a5dc0078927350640c3034e451}&#8221; align_tablet=&#8221;center&#8221; align_phone=&#8221;&#8221; align_last_edited=&#8221;on|desktop&#8221; _builder_version=&#8221;3.23&#8243; border_width_all=&#8221;1px&#8221; border_color_all=&#8221;#939acd&#8221;][\/et_pb_image][\/et_pb_column][\/et_pb_row][\/et_pb_section][et_pb_section fb_built=&#8221;1&#8243; _builder_version=&#8221;3.22&#8243;][et_pb_row _builder_version=&#8221;3.25&#8243; background_size=&#8221;initial&#8221; background_position=&#8221;top_left&#8221; background_repeat=&#8221;repeat&#8221;][et_pb_column type=&#8221;4_4&#8243; _builder_version=&#8221;3.25&#8243; custom_padding=&#8221;|||&#8221; custom_padding__hover=&#8221;|||&#8221;][et_pb_text admin_label=&#8221;Beratung&#8221; _builder_version=&#8221;3.27.4&#8243; text_font=&#8221;Lato|700|||||||&#8221; header_font=&#8221;|700||on|||||&#8221; header_text_color=&#8221;#939acd&#8221; header_letter_spacing=&#8221;1px&#8221; border_radii=&#8221;|0px|0px|0px|0px&#8221; border_width_bottom=&#8221;2px&#8221; border_color_bottom=&#8221;#939acd&#8221;]<\/p>\n<h2>Consultation<\/h2>\n<p>[\/et_pb_text][et_pb_text _builder_version=&#8221;3.27.4&#8243;]<\/p>\n<div class=\"entry-content\">\n<div class=\"entry-content\">\n<p>On request, the T-Foundation will provide you with a competent contact person who will present you with solutions for prospective data collection and its evaluation.<\/p>\n<p>Our contacts have a wide range of analytical tools for medical quality assurance.<\/p>\n<p>Do you want to create a registry, collect and evaluate data or try out solutions that enable prospective data collection? Please contact us at the following e-mail address: <a href=\"ma&#105;&#108;&#116;&#111;&#x3a;&#x62;&#x65;&#x72;&#x61;tu&#110;&#103;&#64;&#116;&#x2d;&#x73;&#x74;&#x69;&#x66;tu&#110;&#103;&#46;&#99;&#x68;\">&#x63;&#111;n&#x73;&#x75;&#108;t&#x61;&#116;i&#x6f;&#x6e;&#64;t&#x2d;&#115;t&#x69;&#x66;&#116;u&#x6e;&#x67;&#46;&#x63;&#x68;<\/a> or contact the office directly.<\/p>\n<\/div>\n<\/div>\n<p>[\/et_pb_text][\/et_pb_column][\/et_pb_row][\/et_pb_section][et_pb_section fb_built=&#8221;1&#8243; _builder_version=&#8221;3.22&#8243; custom_margin=&#8221;0px|||&#8221; custom_padding=&#8221;0px|||&#8221;][et_pb_row _builder_version=&#8221;3.25&#8243; background_size=&#8221;initial&#8221; background_position=&#8221;top_left&#8221; background_repeat=&#8221;repeat&#8221;][et_pb_column type=&#8221;4_4&#8243; _builder_version=&#8221;3.25&#8243; custom_padding=&#8221;|||&#8221; custom_padding__hover=&#8221;|||&#8221;][et_pb_text admin_label=&#8221;Interesse am T-Zertifikat&#8221; _builder_version=&#8221;3.27.4&#8243; header_2_font=&#8221;|700||on|||||&#8221; header_3_font=&#8221;|600|||||||&#8221; border_width_bottom=&#8221;2px&#8221; border_color_bottom=&#8221;#939acd&#8221;]<\/p>\n<h2>Applying for a T-Certificate<\/h2>\n<p>[\/et_pb_text][et_pb_text admin_label=&#8221;Interesse am T-Zertifikat&#8221; _builder_version=&#8221;3.27.4&#8243; header_2_font=&#8221;|700||on|||||&#8221; header_3_font=&#8221;|600|||||||&#8221;]<\/p>\n<p>We are pleased that you have chosen the T-Certificate.<\/p>\n<p>[\/et_pb_text][\/et_pb_column][\/et_pb_row][et_pb_row column_structure=&#8221;1_2,1_2&#8243; module_id=&#8221;kooperationen&#8221; _builder_version=&#8221;3.25&#8243;][et_pb_column type=&#8221;1_2&#8243; _builder_version=&#8221;3.25&#8243; custom_padding=&#8221;|||&#8221; custom_padding__hover=&#8221;|||&#8221;][et_pb_text admin_label=&#8221;Kontakt&#8221; _builder_version=&#8221;3.27.4&#8243; header_2_font=&#8221;|700||on|||||&#8221;]<\/p>\n<h3>How to Apply<\/h3>\n<p>Please download the <a href=\"https:\/\/t-zertifikat.ch\/wp-content\/uploads\/2018\/08\/anme1808anmeldung_t_zertifizierung_v1.4.1.pdf\">application form for the T-Certificate<\/a> and send \/ fax it filled in and signed to<\/p>\n<p><strong>SGS Soci\u00e9t\u00e9 G\u00e9n\u00e9rale de Surveillance SA<\/strong><br \/>\nZ.Hd. Frau Elvira Bieri<br \/>\nTechnoparkstrasse 1 &#8211; CH 8005 Z\u00fcrich<br \/>\nTelefon +41 44 445 16 80<br \/>\nFax +41 44 445 16 88<\/p>\n<p>&nbsp;<\/p>\n<p>&nbsp;<br \/>\n[\/et_pb_text][\/et_pb_column][et_pb_column type=&#8221;1_2&#8243; _builder_version=&#8221;3.25&#8243; custom_padding=&#8221;|||&#8221; custom_padding__hover=&#8221;|||&#8221;][et_pb_text admin_label=&#8221;Kontakt&#8221; _builder_version=&#8221;3.27.4&#8243; header_2_font=&#8221;|700||on|||||&#8221;]<\/p>\n<h3>Contact<\/h3>\n<p>For questions by e-mail please use the contact form below<br \/>\n[\/et_pb_text][et_pb_contact_form email=&#8221;inf&#111;&#64;&#116;&#x2d;&#x73;&#x74;&#x69;&#x66;&#x74;ung&#46;&#99;&#104;&#8221; success_message=&#8221;Thank you very much for your message. We will be in touch with you shortly.&#8221; submit_button_text=&#8221;Send now&#8221; module_id=&#8221;et_pb_contact_form_0&#8243; _builder_version=&#8221;4.0.9&#8243; form_field_background_color=&#8221;#ffffff&#8221; form_field_text_color=&#8221;#2d2d2d&#8221; title_level=&#8221;h3&#8243; form_field_font=&#8221;|600|||||||&#8221; form_field_font_size=&#8221;16&#8243; custom_button=&#8221;on&#8221; button_text_color=&#8221;#ffffff&#8221; button_bg_color=&#8221;#939acd&#8221; button_border_width=&#8221;3&#8243; button_font=&#8221;|700|||||||&#8221; button_icon=&#8221;{31834d8ef0953508d4cdaf7974a60ee1e10c22a5dc0078927350640c3034e451}{31834d8ef0953508d4cdaf7974a60ee1e10c22a5dc0078927350640c3034e451}20{31834d8ef0953508d4cdaf7974a60ee1e10c22a5dc0078927350640c3034e451}{31834d8ef0953508d4cdaf7974a60ee1e10c22a5dc0078927350640c3034e451}&#8221; button_icon_color=&#8221;#2d2d2d&#8221; custom_margin=&#8221;0px|||&#8221; custom_padding=&#8221;0px|||&#8221; hover_enabled=&#8221;0&#8243; border_width_all=&#8221;3px&#8221; border_color_all=&#8221;#939acd&#8221; form_background_color=&#8221;#ffffff&#8221; button_text_color_hover=&#8221;#2d2d2d&#8221; button_bg_color_hover=&#8221;#ffffff&#8221; button_border_color_hover=&#8221;#939acd&#8221; button_letter_spacing_hover=&#8221;1&#8243; use_spam_service=&#8221;on&#8221; recaptcha_list=&#8221;T-Zertifikat|T-Zertifikat-0&#8243;][et_pb_contact_field field_id=&#8221;Name&#8221; field_title=&#8221;Name&#8221; _builder_version=&#8221;3.16&#8243; button_text_size__hover_enabled=&#8221;off&#8221; button_one_text_size__hover_enabled=&#8221;off&#8221; button_two_text_size__hover_enabled=&#8221;off&#8221; button_text_color__hover_enabled=&#8221;off&#8221; button_one_text_color__hover_enabled=&#8221;off&#8221; button_two_text_color__hover_enabled=&#8221;off&#8221; button_border_width__hover_enabled=&#8221;off&#8221; button_one_border_width__hover_enabled=&#8221;off&#8221; button_two_border_width__hover_enabled=&#8221;off&#8221; button_border_color__hover_enabled=&#8221;off&#8221; button_one_border_color__hover_enabled=&#8221;off&#8221; button_two_border_color__hover_enabled=&#8221;off&#8221; button_border_radius__hover_enabled=&#8221;off&#8221; button_one_border_radius__hover_enabled=&#8221;off&#8221; button_two_border_radius__hover_enabled=&#8221;off&#8221; button_letter_spacing__hover_enabled=&#8221;off&#8221; button_one_letter_spacing__hover_enabled=&#8221;off&#8221; button_two_letter_spacing__hover_enabled=&#8221;off&#8221; button_bg_color__hover_enabled=&#8221;off&#8221; button_one_bg_color__hover_enabled=&#8221;off&#8221; button_two_bg_color__hover_enabled=&#8221;off&#8221;][\/et_pb_contact_field][et_pb_contact_field field_id=&#8221;Email&#8221; field_title=&#8221;E-Mail Adress&#8221; field_type=&#8221;email&#8221; _builder_version=&#8221;3.16&#8243; button_text_size__hover_enabled=&#8221;off&#8221; button_one_text_size__hover_enabled=&#8221;off&#8221; button_two_text_size__hover_enabled=&#8221;off&#8221; button_text_color__hover_enabled=&#8221;off&#8221; button_one_text_color__hover_enabled=&#8221;off&#8221; button_two_text_color__hover_enabled=&#8221;off&#8221; button_border_width__hover_enabled=&#8221;off&#8221; button_one_border_width__hover_enabled=&#8221;off&#8221; button_two_border_width__hover_enabled=&#8221;off&#8221; button_border_color__hover_enabled=&#8221;off&#8221; button_one_border_color__hover_enabled=&#8221;off&#8221; button_two_border_color__hover_enabled=&#8221;off&#8221; button_border_radius__hover_enabled=&#8221;off&#8221; button_one_border_radius__hover_enabled=&#8221;off&#8221; button_two_border_radius__hover_enabled=&#8221;off&#8221; button_letter_spacing__hover_enabled=&#8221;off&#8221; button_one_letter_spacing__hover_enabled=&#8221;off&#8221; button_two_letter_spacing__hover_enabled=&#8221;off&#8221; button_bg_color__hover_enabled=&#8221;off&#8221; button_one_bg_color__hover_enabled=&#8221;off&#8221; button_two_bg_color__hover_enabled=&#8221;off&#8221;][\/et_pb_contact_field][et_pb_contact_field field_id=&#8221;Message&#8221; field_title=&#8221;Message&#8221; field_type=&#8221;text&#8221; fullwidth_field=&#8221;on&#8221; _builder_version=&#8221;3.16&#8243; button_text_size__hover_enabled=&#8221;off&#8221; button_one_text_size__hover_enabled=&#8221;off&#8221; button_two_text_size__hover_enabled=&#8221;off&#8221; button_text_color__hover_enabled=&#8221;off&#8221; button_one_text_color__hover_enabled=&#8221;off&#8221; button_two_text_color__hover_enabled=&#8221;off&#8221; button_border_width__hover_enabled=&#8221;off&#8221; button_one_border_width__hover_enabled=&#8221;off&#8221; button_two_border_width__hover_enabled=&#8221;off&#8221; button_border_color__hover_enabled=&#8221;off&#8221; button_one_border_color__hover_enabled=&#8221;off&#8221; button_two_border_color__hover_enabled=&#8221;off&#8221; button_border_radius__hover_enabled=&#8221;off&#8221; button_one_border_radius__hover_enabled=&#8221;off&#8221; button_two_border_radius__hover_enabled=&#8221;off&#8221; button_letter_spacing__hover_enabled=&#8221;off&#8221; button_one_letter_spacing__hover_enabled=&#8221;off&#8221; button_two_letter_spacing__hover_enabled=&#8221;off&#8221; button_bg_color__hover_enabled=&#8221;off&#8221; button_one_bg_color__hover_enabled=&#8221;off&#8221; button_two_bg_color__hover_enabled=&#8221;off&#8221;][\/et_pb_contact_field][\/et_pb_contact_form][\/et_pb_column][\/et_pb_row][\/et_pb_section]<\/p>\n","protected":false},"excerpt":{"rendered":"<p>Auditing and certification Implementation An auditor from the SGS Soci\u00e9t\u00e9 G\u00e9n\u00e9rale de Surveillance (the world&#8217;s largest certifier) and an expert in the field will audit the practice\/department\/clinic during one day on site (\u00bd day studying documents, \u00bd day discussions). Supervision The T-Foundation for Transparency and Quality Assurance in Medicine, Zurich has the overall supervision. The [&hellip;]<\/p>\n","protected":false},"author":1,"featured_media":0,"parent":0,"menu_order":0,"comment_status":"closed","ping_status":"closed","template":"","meta":{"_et_pb_use_builder":"on","_et_pb_old_content":"","_et_gb_content_width":"","footnotes":""},"class_list":["post-526","page","type-page","status-publish","hentry"],"yoast_head":"<!-- This site is optimized with the Yoast SEO plugin v27.4 - https:\/\/yoast.com\/product\/yoast-seo-wordpress\/ -->\n<title>About the T-Certificate &#8226; T-Zertifikat<\/title>\n<meta name=\"robots\" content=\"index, follow, max-snippet:-1, max-image-preview:large, max-video-preview:-1\" \/>\n<link rel=\"canonical\" href=\"https:\/\/t-zertifikat.ch\/en\/about-the-t-certificate\/\" \/>\n<meta property=\"og:locale\" content=\"en_US\" \/>\n<meta property=\"og:type\" content=\"article\" \/>\n<meta property=\"og:title\" content=\"About the T-Certificate &#8226; T-Zertifikat\" \/>\n<meta property=\"og:description\" content=\"Auditing and certification Implementation An auditor from the SGS Soci\u00e9t\u00e9 G\u00e9n\u00e9rale de Surveillance (the world&#039;s largest certifier) and an expert in the field will audit the practice\/department\/clinic during one day on site (\u00bd day studying documents, \u00bd day discussions). Supervision The T-Foundation for Transparency and Quality Assurance in Medicine, Zurich has the overall supervision. The [&hellip;]\" \/>\n<meta property=\"og:url\" content=\"https:\/\/t-zertifikat.ch\/en\/about-the-t-certificate\/\" \/>\n<meta property=\"og:site_name\" content=\"T-Zertifikat\" \/>\n<meta property=\"article:modified_time\" content=\"2020-11-27T15:39:00+00:00\" \/>\n<meta name=\"twitter:card\" content=\"summary_large_image\" \/>\n<meta name=\"twitter:label1\" content=\"Est. reading time\" \/>\n\t<meta name=\"twitter:data1\" content=\"8 minutes\" \/>\n<script type=\"application\/ld+json\" class=\"yoast-schema-graph\">{\"@context\":\"https:\\\/\\\/schema.org\",\"@graph\":[{\"@type\":\"WebPage\",\"@id\":\"https:\\\/\\\/t-zertifikat.ch\\\/en\\\/about-the-t-certificate\\\/\",\"url\":\"https:\\\/\\\/t-zertifikat.ch\\\/en\\\/about-the-t-certificate\\\/\",\"name\":\"About the T-Certificate &#8226; T-Zertifikat\",\"isPartOf\":{\"@id\":\"https:\\\/\\\/t-zertifikat.ch\\\/en\\\/#website\"},\"datePublished\":\"2020-11-27T15:38:58+00:00\",\"dateModified\":\"2020-11-27T15:39:00+00:00\",\"breadcrumb\":{\"@id\":\"https:\\\/\\\/t-zertifikat.ch\\\/en\\\/about-the-t-certificate\\\/#breadcrumb\"},\"inLanguage\":\"en-US\",\"potentialAction\":[{\"@type\":\"ReadAction\",\"target\":[\"https:\\\/\\\/t-zertifikat.ch\\\/en\\\/about-the-t-certificate\\\/\"]}]},{\"@type\":\"BreadcrumbList\",\"@id\":\"https:\\\/\\\/t-zertifikat.ch\\\/en\\\/about-the-t-certificate\\\/#breadcrumb\",\"itemListElement\":[{\"@type\":\"ListItem\",\"position\":1,\"name\":\"Startseite\",\"item\":\"https:\\\/\\\/t-zertifikat.ch\\\/en\\\/\"},{\"@type\":\"ListItem\",\"position\":2,\"name\":\"About the T-Certificate\"}]},{\"@type\":\"WebSite\",\"@id\":\"https:\\\/\\\/t-zertifikat.ch\\\/en\\\/#website\",\"url\":\"https:\\\/\\\/t-zertifikat.ch\\\/en\\\/\",\"name\":\"T-Zertifikat\",\"description\":\"f&uuml;r Transparenz und Qualit&auml;tssicherung in der Medizin\",\"publisher\":{\"@id\":\"https:\\\/\\\/t-zertifikat.ch\\\/en\\\/#organization\"},\"potentialAction\":[{\"@type\":\"SearchAction\",\"target\":{\"@type\":\"EntryPoint\",\"urlTemplate\":\"https:\\\/\\\/t-zertifikat.ch\\\/en\\\/?s={search_term_string}\"},\"query-input\":{\"@type\":\"PropertyValueSpecification\",\"valueRequired\":true,\"valueName\":\"search_term_string\"}}],\"inLanguage\":\"en-US\"},{\"@type\":\"Organization\",\"@id\":\"https:\\\/\\\/t-zertifikat.ch\\\/en\\\/#organization\",\"name\":\"T-Zertifikat\",\"url\":\"https:\\\/\\\/t-zertifikat.ch\\\/en\\\/\",\"logo\":{\"@type\":\"ImageObject\",\"inLanguage\":\"en-US\",\"@id\":\"https:\\\/\\\/t-zertifikat.ch\\\/en\\\/#\\\/schema\\\/logo\\\/image\\\/\",\"url\":\"https:\\\/\\\/t-zertifikat.ch\\\/wp-content\\\/uploads\\\/2018\\\/08\\\/t-zertifikat-626.jpg\",\"contentUrl\":\"https:\\\/\\\/t-zertifikat.ch\\\/wp-content\\\/uploads\\\/2018\\\/08\\\/t-zertifikat-626.jpg\",\"width\":626,\"height\":175,\"caption\":\"T-Zertifikat\"},\"image\":{\"@id\":\"https:\\\/\\\/t-zertifikat.ch\\\/en\\\/#\\\/schema\\\/logo\\\/image\\\/\"}}]}<\/script>\n<!-- \/ Yoast SEO plugin. -->","yoast_head_json":{"title":"About the T-Certificate &#8226; T-Zertifikat","robots":{"index":"index","follow":"follow","max-snippet":"max-snippet:-1","max-image-preview":"max-image-preview:large","max-video-preview":"max-video-preview:-1"},"canonical":"https:\/\/t-zertifikat.ch\/en\/about-the-t-certificate\/","og_locale":"en_US","og_type":"article","og_title":"About the T-Certificate &#8226; T-Zertifikat","og_description":"Auditing and certification Implementation An auditor from the SGS Soci\u00e9t\u00e9 G\u00e9n\u00e9rale de Surveillance (the world's largest certifier) and an expert in the field will audit the practice\/department\/clinic during one day on site (\u00bd day studying documents, \u00bd day discussions). Supervision The T-Foundation for Transparency and Quality Assurance in Medicine, Zurich has the overall supervision. The [&hellip;]","og_url":"https:\/\/t-zertifikat.ch\/en\/about-the-t-certificate\/","og_site_name":"T-Zertifikat","article_modified_time":"2020-11-27T15:39:00+00:00","twitter_card":"summary_large_image","twitter_misc":{"Est. reading time":"8 minutes"},"schema":{"@context":"https:\/\/schema.org","@graph":[{"@type":"WebPage","@id":"https:\/\/t-zertifikat.ch\/en\/about-the-t-certificate\/","url":"https:\/\/t-zertifikat.ch\/en\/about-the-t-certificate\/","name":"About the T-Certificate &#8226; T-Zertifikat","isPartOf":{"@id":"https:\/\/t-zertifikat.ch\/en\/#website"},"datePublished":"2020-11-27T15:38:58+00:00","dateModified":"2020-11-27T15:39:00+00:00","breadcrumb":{"@id":"https:\/\/t-zertifikat.ch\/en\/about-the-t-certificate\/#breadcrumb"},"inLanguage":"en-US","potentialAction":[{"@type":"ReadAction","target":["https:\/\/t-zertifikat.ch\/en\/about-the-t-certificate\/"]}]},{"@type":"BreadcrumbList","@id":"https:\/\/t-zertifikat.ch\/en\/about-the-t-certificate\/#breadcrumb","itemListElement":[{"@type":"ListItem","position":1,"name":"Startseite","item":"https:\/\/t-zertifikat.ch\/en\/"},{"@type":"ListItem","position":2,"name":"About the T-Certificate"}]},{"@type":"WebSite","@id":"https:\/\/t-zertifikat.ch\/en\/#website","url":"https:\/\/t-zertifikat.ch\/en\/","name":"T-Zertifikat","description":"f&uuml;r Transparenz und Qualit&auml;tssicherung in der Medizin","publisher":{"@id":"https:\/\/t-zertifikat.ch\/en\/#organization"},"potentialAction":[{"@type":"SearchAction","target":{"@type":"EntryPoint","urlTemplate":"https:\/\/t-zertifikat.ch\/en\/?s={search_term_string}"},"query-input":{"@type":"PropertyValueSpecification","valueRequired":true,"valueName":"search_term_string"}}],"inLanguage":"en-US"},{"@type":"Organization","@id":"https:\/\/t-zertifikat.ch\/en\/#organization","name":"T-Zertifikat","url":"https:\/\/t-zertifikat.ch\/en\/","logo":{"@type":"ImageObject","inLanguage":"en-US","@id":"https:\/\/t-zertifikat.ch\/en\/#\/schema\/logo\/image\/","url":"https:\/\/t-zertifikat.ch\/wp-content\/uploads\/2018\/08\/t-zertifikat-626.jpg","contentUrl":"https:\/\/t-zertifikat.ch\/wp-content\/uploads\/2018\/08\/t-zertifikat-626.jpg","width":626,"height":175,"caption":"T-Zertifikat"},"image":{"@id":"https:\/\/t-zertifikat.ch\/en\/#\/schema\/logo\/image\/"}}]}},"_links":{"self":[{"href":"https:\/\/t-zertifikat.ch\/en\/wp-json\/wp\/v2\/pages\/526"}],"collection":[{"href":"https:\/\/t-zertifikat.ch\/en\/wp-json\/wp\/v2\/pages"}],"about":[{"href":"https:\/\/t-zertifikat.ch\/en\/wp-json\/wp\/v2\/types\/page"}],"author":[{"embeddable":true,"href":"https:\/\/t-zertifikat.ch\/en\/wp-json\/wp\/v2\/users\/1"}],"replies":[{"embeddable":true,"href":"https:\/\/t-zertifikat.ch\/en\/wp-json\/wp\/v2\/comments?post=526"}],"version-history":[{"count":2,"href":"https:\/\/t-zertifikat.ch\/en\/wp-json\/wp\/v2\/pages\/526\/revisions"}],"predecessor-version":[{"id":528,"href":"https:\/\/t-zertifikat.ch\/en\/wp-json\/wp\/v2\/pages\/526\/revisions\/528"}],"wp:attachment":[{"href":"https:\/\/t-zertifikat.ch\/en\/wp-json\/wp\/v2\/media?parent=526"}],"curies":[{"name":"wp","href":"https:\/\/api.w.org\/{rel}","templated":true}]}}