{"id":475,"date":"2020-11-27T14:29:04","date_gmt":"2020-11-27T14:29:04","guid":{"rendered":"https:\/\/t-zertifikat.ch\/home\/"},"modified":"2020-11-27T14:34:08","modified_gmt":"2020-11-27T14:34:08","slug":"home","status":"publish","type":"page","link":"https:\/\/t-zertifikat.ch\/en\/","title":{"rendered":"Home"},"content":{"rendered":"<p>[et_pb_section fb_built=&#8221;1&#8243; _builder_version=&#8221;3.22&#8243; bottom_divider_style=&#8221;curve&#8221; bottom_divider_color=&#8221;#939acd&#8221; bottom_divider_height=&#8221;200px&#8221; border_radii=&#8221;|0px|0px|0px|0px&#8221; border_width_bottom=&#8221;3px&#8221; border_color_bottom=&#8221;#939acd&#8221;][et_pb_row _builder_version=&#8221;3.25&#8243; background_size=&#8221;initial&#8221; background_position=&#8221;top_left&#8221; background_repeat=&#8221;repeat&#8221;][et_pb_column type=&#8221;4_4&#8243; _builder_version=&#8221;3.25&#8243; custom_padding=&#8221;|||&#8221; custom_padding__hover=&#8221;|||&#8221;][et_pb_image src=&#8221;https:\/\/t-zertifikat.ch\/wp-content\/uploads\/2018\/08\/t-zertifikat-626.jpg&#8221; alt=&#8221;Logo T-Certificate&#8221; title_text=&#8221;Logo T-Certificate&#8221; align=&#8221;center&#8221; align_tablet=&#8221;center&#8221; align_phone=&#8221;&#8221; align_last_edited=&#8221;on|desktop&#8221; _builder_version=&#8221;3.23&#8243; custom_padding=&#8221;||0px|&#8221;][\/et_pb_image][et_pb_text admin_label=&#8221;Headline&#8221; _builder_version=&#8221;3.27.4&#8243; header_letter_spacing=&#8221;1px&#8221; header_line_height=&#8221;1.5em&#8221; text_orientation=&#8221;center&#8221; custom_padding=&#8221;20px||30px|&#8221;]<\/p>\n<h1>The T-Certificate &#8211; for transparency and quality assurance in medicine<\/h1>\n<p>[\/et_pb_text][\/et_pb_column][\/et_pb_row][\/et_pb_section][et_pb_section fb_built=&#8221;1&#8243; _builder_version=&#8221;3.22&#8243; custom_padding=&#8221;||0px|&#8221; border_width_bottom=&#8221;3px&#8221; border_color_bottom=&#8221;#939acd&#8221;][et_pb_row _builder_version=&#8221;3.25&#8243; background_size=&#8221;initial&#8221; background_position=&#8221;top_left&#8221; background_repeat=&#8221;repeat&#8221; custom_padding=&#8221;27px|0px|3px|0px|false|false&#8221;][et_pb_column type=&#8221;4_4&#8243; _builder_version=&#8221;3.25&#8243; custom_padding=&#8221;|||&#8221; custom_padding__hover=&#8221;|||&#8221;][et_pb_text admin_label=&#8221;Das T&#8221; _builder_version=&#8221;4.0.9&#8243; header_2_font=&#8221;Lato|700||on|||||&#8221;]<\/p>\n<h2>The \u00abT\u00bb<\/h2>\n<p>in T-Certificate stands for transparency and serves as proof of the quality-oriented orientation of your clinic &#8211; both internally and externally.<\/p>\n<p>[\/et_pb_text][\/et_pb_column][\/et_pb_row][et_pb_row _builder_version=&#8221;3.25&#8243; background_size=&#8221;initial&#8221; background_position=&#8221;top_left&#8221; background_repeat=&#8221;repeat&#8221; custom_padding=&#8221;2px|0px|27px|0px|false|false&#8221;][et_pb_column type=&#8221;4_4&#8243; _builder_version=&#8221;3.25&#8243; custom_padding=&#8221;|||&#8221; custom_padding__hover=&#8221;|||&#8221;][et_pb_video src=&#8221;https:\/\/youtu.be\/USSyNGYPqDo&#8221; _builder_version=&#8221;3.18.4&#8243;][\/et_pb_video][et_pb_text admin_label=&#8221;Video Untertitel&#8221; _builder_version=&#8221;3.27.4&#8243; header_2_font=&#8221;|700||on|||||&#8221;]<\/p>\n<p>In the video we captured some voices during the award of the T-Certificate to the SRO Langenthal (Surgery), why T-Certification benefits transparency and quality.<\/p>\n<p>[\/et_pb_text][\/et_pb_column][\/et_pb_row][et_pb_row _builder_version=&#8221;3.25&#8243; background_size=&#8221;initial&#8221; background_position=&#8221;top_left&#8221; background_repeat=&#8221;repeat&#8221; custom_padding=&#8221;66px|0px|27px|0px|false|false&#8221;][et_pb_column type=&#8221;4_4&#8243; _builder_version=&#8221;3.25&#8243; custom_padding=&#8221;|||&#8221; custom_padding__hover=&#8221;|||&#8221;][et_pb_text admin_label=&#8221;Patientinnen und Patienten&#8221; _builder_version=&#8221;3.27.4&#8243; header_2_font=&#8221;|700||on|||||&#8221;]<\/p>\n<h2>Patients<\/h2>\n<p>know when choosing a T-Certified institute that it will always strive for transparent quality. Beginning with the choice of indicators all the way through to the measurement and implementation of results, such a clinic operates transparently and comprehensibly.<\/p>\n<p>[\/et_pb_text][et_pb_button button_url=&#8221;https:\/\/t-zertifikat.ch\/patientinnen-und-patienten\/&#8221; button_text=&#8221;Find out more here&#8221; button_alignment=&#8221;center&#8221; admin_label=&#8221;CTA&#8221; _builder_version=&#8221;3.17.4&#8243; custom_button=&#8221;on&#8221; button_text_color=&#8221;#ffffff&#8221; button_border_width=&#8221;3&#8243; button_border_color=&#8221;#ffffff&#8221; button_use_icon=&#8221;off&#8221; saved_tabs=&#8221;all&#8221; button_text_size__hover_enabled=&#8221;off&#8221; button_text_size__hover=&#8221;null&#8221; button_one_text_size__hover_enabled=&#8221;off&#8221; button_one_text_size__hover=&#8221;null&#8221; button_two_text_size__hover_enabled=&#8221;off&#8221; button_two_text_size__hover=&#8221;null&#8221; button_text_color__hover_enabled=&#8221;on&#8221; button_text_color__hover=&#8221;#2d2d2d&#8221; button_one_text_color__hover_enabled=&#8221;off&#8221; button_one_text_color__hover=&#8221;null&#8221; button_two_text_color__hover_enabled=&#8221;off&#8221; button_two_text_color__hover=&#8221;null&#8221; button_border_width__hover_enabled=&#8221;off&#8221; button_border_width__hover=&#8221;null&#8221; button_one_border_width__hover_enabled=&#8221;off&#8221; button_one_border_width__hover=&#8221;null&#8221; button_two_border_width__hover_enabled=&#8221;off&#8221; button_two_border_width__hover=&#8221;null&#8221; button_border_color__hover_enabled=&#8221;on&#8221; button_border_color__hover=&#8221;#939acd&#8221; button_one_border_color__hover_enabled=&#8221;off&#8221; button_one_border_color__hover=&#8221;null&#8221; button_two_border_color__hover_enabled=&#8221;off&#8221; button_two_border_color__hover=&#8221;null&#8221; button_border_radius__hover_enabled=&#8221;on&#8221; button_border_radius__hover=&#8221;0&#8243; button_one_border_radius__hover_enabled=&#8221;off&#8221; button_one_border_radius__hover=&#8221;null&#8221; button_two_border_radius__hover_enabled=&#8221;off&#8221; button_two_border_radius__hover=&#8221;null&#8221; button_letter_spacing__hover_enabled=&#8221;off&#8221; button_letter_spacing__hover=&#8221;null&#8221; button_one_letter_spacing__hover_enabled=&#8221;off&#8221; button_one_letter_spacing__hover=&#8221;null&#8221; button_two_letter_spacing__hover_enabled=&#8221;off&#8221; button_two_letter_spacing__hover=&#8221;null&#8221; button_bg_color__hover_enabled=&#8221;on&#8221; button_bg_color__hover=&#8221;#ffffff&#8221; button_one_bg_color__hover_enabled=&#8221;off&#8221; button_one_bg_color__hover=&#8221;null&#8221; button_two_bg_color__hover_enabled=&#8221;off&#8221; button_two_bg_color__hover=&#8221;null&#8221;][\/et_pb_button][\/et_pb_column][\/et_pb_row][et_pb_row _builder_version=&#8221;3.25&#8243; background_size=&#8221;initial&#8221; background_position=&#8221;top_left&#8221; background_repeat=&#8221;repeat&#8221;][et_pb_column type=&#8221;4_4&#8243; _builder_version=&#8221;3.25&#8243; custom_padding=&#8221;|||&#8221; custom_padding__hover=&#8221;|||&#8221;][et_pb_text admin_label=&#8221;Kliniken und Praxen&#8221; _builder_version=&#8221;3.27.4&#8243; header_2_font=&#8221;|700||on|||||&#8221;]<\/p>\n<h2>Clinics and medical practices<\/h2>\n<p>who are certified by the T-Certificate can clearly communicate both internally and externally that they work transparently in the areas of indication and outcome measurement. Valuable feedback from the certification helps to optimise processes and, through active use of the outcome data, to achieve improvements for patients and staff. The T-Certificate also strengthens the position vis-\u00e0-vis health insurance companies and government offices.<\/p>\n<p>[\/et_pb_text][et_pb_button button_url=&#8221;https:\/\/t-zertifikat.ch\/en\/doctors\/&#8221; button_text=&#8221;Find out more here&#8221; button_alignment=&#8221;center&#8221; admin_label=&#8221;CTA&#8221; _builder_version=&#8221;3.16&#8243; custom_button=&#8221;on&#8221; button_text_color=&#8221;#ffffff&#8221; button_border_width=&#8221;3&#8243; button_border_color=&#8221;#ffffff&#8221; button_use_icon=&#8221;off&#8221; button_text_color_hover=&#8221;#2d2d2d&#8221; button_border_color_hover=&#8221;#939acd&#8221; button_border_radius_hover=&#8221;0&#8243; button_bg_color_hover=&#8221;#ffffff&#8221; saved_tabs=&#8221;all&#8221; button_text_size__hover_enabled=&#8221;off&#8221; button_text_size__hover=&#8221;null&#8221; button_one_text_size__hover_enabled=&#8221;off&#8221; button_one_text_size__hover=&#8221;null&#8221; button_two_text_size__hover_enabled=&#8221;off&#8221; button_two_text_size__hover=&#8221;null&#8221; button_text_color__hover_enabled=&#8221;on&#8221; button_text_color__hover=&#8221;#2d2d2d&#8221; button_one_text_color__hover_enabled=&#8221;off&#8221; button_one_text_color__hover=&#8221;null&#8221; button_two_text_color__hover_enabled=&#8221;off&#8221; button_two_text_color__hover=&#8221;null&#8221; button_border_width__hover_enabled=&#8221;off&#8221; button_border_width__hover=&#8221;null&#8221; button_one_border_width__hover_enabled=&#8221;off&#8221; button_one_border_width__hover=&#8221;null&#8221; button_two_border_width__hover_enabled=&#8221;off&#8221; button_two_border_width__hover=&#8221;null&#8221; button_border_color__hover_enabled=&#8221;on&#8221; button_border_color__hover=&#8221;#939acd&#8221; button_one_border_color__hover_enabled=&#8221;off&#8221; button_one_border_color__hover=&#8221;null&#8221; button_two_border_color__hover_enabled=&#8221;off&#8221; button_two_border_color__hover=&#8221;null&#8221; button_border_radius__hover_enabled=&#8221;on&#8221; button_border_radius__hover=&#8221;0&#8243; button_one_border_radius__hover_enabled=&#8221;off&#8221; button_one_border_radius__hover=&#8221;null&#8221; button_two_border_radius__hover_enabled=&#8221;off&#8221; button_two_border_radius__hover=&#8221;null&#8221; button_letter_spacing__hover_enabled=&#8221;off&#8221; button_letter_spacing__hover=&#8221;null&#8221; button_one_letter_spacing__hover_enabled=&#8221;off&#8221; button_one_letter_spacing__hover=&#8221;null&#8221; button_two_letter_spacing__hover_enabled=&#8221;off&#8221; button_two_letter_spacing__hover=&#8221;null&#8221; button_bg_color__hover_enabled=&#8221;on&#8221; button_bg_color__hover=&#8221;#ffffff&#8221; button_one_bg_color__hover_enabled=&#8221;off&#8221; button_one_bg_color__hover=&#8221;null&#8221; button_two_bg_color__hover_enabled=&#8221;off&#8221; button_two_bg_color__hover=&#8221;null&#8221;][\/et_pb_button][\/et_pb_column][\/et_pb_row][et_pb_row _builder_version=&#8221;3.25&#8243; background_size=&#8221;initial&#8221; background_position=&#8221;top_left&#8221; background_repeat=&#8221;repeat&#8221;][et_pb_column type=&#8221;4_4&#8243; _builder_version=&#8221;3.25&#8243; custom_padding=&#8221;|||&#8221; custom_padding__hover=&#8221;|||&#8221;][et_pb_text admin_label=&#8221;Kliniken und Praxen&#8221; _builder_version=&#8221;3.27.4&#8243; header_2_font=&#8221;|700||on|||||&#8221;]<\/p>\n<h2>Hospital managers<\/h2>\n<p>get more out of the outcome measurements ongoing at their companies and increase their benefits. The focus of the T-Certificate on the quality of indications ensures that patients are informed in conformity with the law.<\/p>\n<p>[\/et_pb_text][\/et_pb_column][\/et_pb_row][\/et_pb_section][et_pb_section fb_built=&#8221;1&#8243; _builder_version=&#8221;3.22&#8243; custom_margin=&#8221;0px|||&#8221; custom_padding=&#8221;0px|||&#8221; hover_enabled=&#8221;0&#8243;][et_pb_row _builder_version=&#8221;3.25&#8243; background_size=&#8221;initial&#8221; background_position=&#8221;top_left&#8221; background_repeat=&#8221;repeat&#8221;][et_pb_column type=&#8221;4_4&#8243; _builder_version=&#8221;3.25&#8243; custom_padding=&#8221;|||&#8221; custom_padding__hover=&#8221;|||&#8221;][et_pb_text admin_label=&#8221;Interesse am T-Zertifikat&#8221; _builder_version=&#8221;3.27.4&#8243; header_2_font=&#8221;|700||on|||||&#8221; header_3_font=&#8221;|600|||||||&#8221;]<\/p>\n<h2>Interested in the T-Certificate or want to know more?<\/h2>\n<p>The <a href=\"https:\/\/www.sgs.ch\/\" target=\"_blank\" rel=\"noopener noreferrer\">SGS (Soci\u00e9t\u00e9 G\u00e9n\u00e9rale de Surveillance)<\/a> public limited company is in charge of the organisation of the audit and is at your disposal for further information.<\/p>\n<p>[\/et_pb_text][\/et_pb_column][\/et_pb_row][et_pb_row column_structure=&#8221;1_2,1_2&#8243; module_id=&#8221;kooperationen&#8221; _builder_version=&#8221;3.25&#8243;][et_pb_column type=&#8221;1_2&#8243; _builder_version=&#8221;3.25&#8243; custom_padding=&#8221;|||&#8221; custom_padding__hover=&#8221;|||&#8221;][et_pb_text admin_label=&#8221;Kontakt&#8221; _builder_version=&#8221;3.27.4&#8243; header_2_font=&#8221;|700||on|||||&#8221;]<\/p>\n<h3>How to Apply<\/h3>\n<p>Please download the <a href=\"https:\/\/t-zertifikat.ch\/wp-content\/uploads\/2018\/08\/anme1808anmeldung_t_zertifizierung_v1.4.1.pdf\">application form for the T-Certificate<\/a> and send \/ fax it filled in and signed to<\/p>\n<p><strong>SGS Soci\u00e9t\u00e9 G\u00e9n\u00e9rale de Surveillance SA<\/strong><br \/>Z.Hd. Frau Elvira Bieri<br \/>Technoparkstrasse 1 &#8211; CH 8005 Z\u00fcrich<br \/>Telefon +41 44 445 16 80<br \/>Fax +41 44 445 16 88<\/p>\n<p>&nbsp;<\/p>\n<p>&nbsp;<\/p>\n<p>[\/et_pb_text][\/et_pb_column][et_pb_column type=&#8221;1_2&#8243; _builder_version=&#8221;3.25&#8243; custom_padding=&#8221;|||&#8221; custom_padding__hover=&#8221;|||&#8221;][et_pb_text admin_label=&#8221;Kontakt&#8221; _builder_version=&#8221;3.27.4&#8243; header_2_font=&#8221;|700||on|||||&#8221;]<\/p>\n<h3>Contact<\/h3>\n<p>For questions by e-mail please use the contact form below<\/p>\n<p>[\/et_pb_text][et_pb_contact_form email=&#8221;&#x69;&#110;f&#x6f;&#x40;&#116;-&#x73;&#x74;&#105;f&#x74;&#117;n&#x67;&#x2e;&#99;h&#8221; success_message=&#8221;Thank you very much for your message. We will be in touch with you shortly.&#8221; submit_button_text=&#8221;Send now&#8221; module_id=&#8221;et_pb_contact_form_0&#8243; _builder_version=&#8221;4.0.9&#8243; form_field_background_color=&#8221;#ffffff&#8221; form_field_text_color=&#8221;#2d2d2d&#8221; title_level=&#8221;h3&#8243; form_field_font=&#8221;|600|||||||&#8221; form_field_font_size=&#8221;16&#8243; custom_button=&#8221;on&#8221; button_text_color=&#8221;#ffffff&#8221; button_bg_color=&#8221;#939acd&#8221; button_border_width=&#8221;3&#8243; button_font=&#8221;|700|||||||&#8221; button_icon=&#8221;%%20%%&#8221; button_icon_color=&#8221;#2d2d2d&#8221; custom_margin=&#8221;0px|||&#8221; custom_padding=&#8221;0px|||&#8221; hover_enabled=&#8221;0&#8243; border_width_all=&#8221;3px&#8221; border_color_all=&#8221;#939acd&#8221; form_background_color=&#8221;#ffffff&#8221; button_text_color_hover=&#8221;#2d2d2d&#8221; button_bg_color_hover=&#8221;#ffffff&#8221; button_border_color_hover=&#8221;#939acd&#8221; button_letter_spacing_hover=&#8221;1&#8243; use_spam_service=&#8221;on&#8221; recaptcha_list=&#8221;T-Zertifikat-0&#8243;][et_pb_contact_field field_id=&#8221;Name&#8221; field_title=&#8221;Name&#8221; _builder_version=&#8221;3.16&#8243; button_text_size__hover_enabled=&#8221;off&#8221; button_one_text_size__hover_enabled=&#8221;off&#8221; button_two_text_size__hover_enabled=&#8221;off&#8221; button_text_color__hover_enabled=&#8221;off&#8221; button_one_text_color__hover_enabled=&#8221;off&#8221; button_two_text_color__hover_enabled=&#8221;off&#8221; button_border_width__hover_enabled=&#8221;off&#8221; button_one_border_width__hover_enabled=&#8221;off&#8221; button_two_border_width__hover_enabled=&#8221;off&#8221; button_border_color__hover_enabled=&#8221;off&#8221; button_one_border_color__hover_enabled=&#8221;off&#8221; button_two_border_color__hover_enabled=&#8221;off&#8221; button_border_radius__hover_enabled=&#8221;off&#8221; button_one_border_radius__hover_enabled=&#8221;off&#8221; button_two_border_radius__hover_enabled=&#8221;off&#8221; button_letter_spacing__hover_enabled=&#8221;off&#8221; button_one_letter_spacing__hover_enabled=&#8221;off&#8221; button_two_letter_spacing__hover_enabled=&#8221;off&#8221; button_bg_color__hover_enabled=&#8221;off&#8221; button_one_bg_color__hover_enabled=&#8221;off&#8221; button_two_bg_color__hover_enabled=&#8221;off&#8221;][\/et_pb_contact_field][et_pb_contact_field field_id=&#8221;Email&#8221; field_title=&#8221;E-Mail Adress&#8221; field_type=&#8221;email&#8221; _builder_version=&#8221;3.16&#8243; button_text_size__hover_enabled=&#8221;off&#8221; button_one_text_size__hover_enabled=&#8221;off&#8221; button_two_text_size__hover_enabled=&#8221;off&#8221; button_text_color__hover_enabled=&#8221;off&#8221; button_one_text_color__hover_enabled=&#8221;off&#8221; button_two_text_color__hover_enabled=&#8221;off&#8221; button_border_width__hover_enabled=&#8221;off&#8221; button_one_border_width__hover_enabled=&#8221;off&#8221; button_two_border_width__hover_enabled=&#8221;off&#8221; button_border_color__hover_enabled=&#8221;off&#8221; button_one_border_color__hover_enabled=&#8221;off&#8221; button_two_border_color__hover_enabled=&#8221;off&#8221; button_border_radius__hover_enabled=&#8221;off&#8221; button_one_border_radius__hover_enabled=&#8221;off&#8221; button_two_border_radius__hover_enabled=&#8221;off&#8221; button_letter_spacing__hover_enabled=&#8221;off&#8221; button_one_letter_spacing__hover_enabled=&#8221;off&#8221; button_two_letter_spacing__hover_enabled=&#8221;off&#8221; button_bg_color__hover_enabled=&#8221;off&#8221; button_one_bg_color__hover_enabled=&#8221;off&#8221; button_two_bg_color__hover_enabled=&#8221;off&#8221;][\/et_pb_contact_field][et_pb_contact_field field_id=&#8221;Message&#8221; field_title=&#8221;Message&#8221; field_type=&#8221;text&#8221; fullwidth_field=&#8221;on&#8221; _builder_version=&#8221;3.16&#8243; button_text_size__hover_enabled=&#8221;off&#8221; button_one_text_size__hover_enabled=&#8221;off&#8221; button_two_text_size__hover_enabled=&#8221;off&#8221; button_text_color__hover_enabled=&#8221;off&#8221; button_one_text_color__hover_enabled=&#8221;off&#8221; button_two_text_color__hover_enabled=&#8221;off&#8221; button_border_width__hover_enabled=&#8221;off&#8221; button_one_border_width__hover_enabled=&#8221;off&#8221; button_two_border_width__hover_enabled=&#8221;off&#8221; button_border_color__hover_enabled=&#8221;off&#8221; button_one_border_color__hover_enabled=&#8221;off&#8221; button_two_border_color__hover_enabled=&#8221;off&#8221; button_border_radius__hover_enabled=&#8221;off&#8221; button_one_border_radius__hover_enabled=&#8221;off&#8221; button_two_border_radius__hover_enabled=&#8221;off&#8221; button_letter_spacing__hover_enabled=&#8221;off&#8221; button_one_letter_spacing__hover_enabled=&#8221;off&#8221; button_two_letter_spacing__hover_enabled=&#8221;off&#8221; button_bg_color__hover_enabled=&#8221;off&#8221; button_one_bg_color__hover_enabled=&#8221;off&#8221; button_two_bg_color__hover_enabled=&#8221;off&#8221;][\/et_pb_contact_field][\/et_pb_contact_form][\/et_pb_column][\/et_pb_row][\/et_pb_section]<\/p>\n","protected":false},"excerpt":{"rendered":"<p>The T-Certificate &#8211; for transparency and quality assurance in medicine The \u00abT\u00bb in T-Certificate stands for transparency and serves as proof of the quality-oriented orientation of your clinic &#8211; both internally and externally. In the video we captured some voices during the award of the T-Certificate to the SRO Langenthal (Surgery), why T-Certification benefits transparency [&hellip;]<\/p>\n","protected":false},"author":1,"featured_media":0,"parent":0,"menu_order":0,"comment_status":"closed","ping_status":"closed","template":"","meta":{"_et_pb_use_builder":"on","_et_pb_old_content":"","_et_gb_content_width":"","footnotes":""},"class_list":["post-475","page","type-page","status-publish","hentry"],"yoast_head":"<!-- This site is optimized with the Yoast SEO plugin v27.4 - https:\/\/yoast.com\/product\/yoast-seo-wordpress\/ -->\n<title>T-Zertifikat &#8226; Homepage<\/title>\n<meta name=\"description\" content=\"The T-Certificate actively promotes transparency and quality assurance in medicine. Information for doctors, hospitals and patients.\" \/>\n<meta name=\"robots\" content=\"index, follow, max-snippet:-1, max-image-preview:large, max-video-preview:-1\" \/>\n<link rel=\"canonical\" href=\"https:\/\/t-zertifikat.ch\/en\/\" \/>\n<meta property=\"og:locale\" content=\"en_US\" \/>\n<meta property=\"og:type\" content=\"article\" \/>\n<meta property=\"og:title\" content=\"T-Zertifikat &#8226; Homepage\" \/>\n<meta property=\"og:description\" content=\"The T-Certificate actively promotes transparency and quality assurance in medicine. Information for doctors, hospitals and patients.\" \/>\n<meta property=\"og:url\" content=\"https:\/\/t-zertifikat.ch\/en\/\" \/>\n<meta property=\"og:site_name\" content=\"T-Zertifikat\" \/>\n<meta property=\"article:modified_time\" content=\"2020-11-27T14:34:08+00:00\" \/>\n<meta name=\"twitter:card\" content=\"summary_large_image\" \/>\n<meta name=\"twitter:label1\" content=\"Est. reading time\" \/>\n\t<meta name=\"twitter:data1\" content=\"11 minutes\" \/>\n<script type=\"application\/ld+json\" class=\"yoast-schema-graph\">{\"@context\":\"https:\\\/\\\/schema.org\",\"@graph\":[{\"@type\":\"WebPage\",\"@id\":\"https:\\\/\\\/t-zertifikat.ch\\\/en\\\/\",\"url\":\"https:\\\/\\\/t-zertifikat.ch\\\/en\\\/\",\"name\":\"T-Zertifikat &#8226; Homepage\",\"isPartOf\":{\"@id\":\"https:\\\/\\\/t-zertifikat.ch\\\/en\\\/#website\"},\"datePublished\":\"2020-11-27T14:29:04+00:00\",\"dateModified\":\"2020-11-27T14:34:08+00:00\",\"description\":\"The T-Certificate actively promotes transparency and quality assurance in medicine. Information for doctors, hospitals and patients.\",\"breadcrumb\":{\"@id\":\"https:\\\/\\\/t-zertifikat.ch\\\/en\\\/#breadcrumb\"},\"inLanguage\":\"en-US\",\"potentialAction\":[{\"@type\":\"ReadAction\",\"target\":[\"https:\\\/\\\/t-zertifikat.ch\\\/en\\\/\"]}]},{\"@type\":\"BreadcrumbList\",\"@id\":\"https:\\\/\\\/t-zertifikat.ch\\\/en\\\/#breadcrumb\",\"itemListElement\":[{\"@type\":\"ListItem\",\"position\":1,\"name\":\"Startseite\",\"item\":\"https:\\\/\\\/t-zertifikat.ch\\\/en\\\/\"},{\"@type\":\"ListItem\",\"position\":2,\"name\":\"Home\"}]},{\"@type\":\"WebSite\",\"@id\":\"https:\\\/\\\/t-zertifikat.ch\\\/en\\\/#website\",\"url\":\"https:\\\/\\\/t-zertifikat.ch\\\/en\\\/\",\"name\":\"T-Zertifikat\",\"description\":\"f&uuml;r Transparenz und Qualit&auml;tssicherung in der Medizin\",\"publisher\":{\"@id\":\"https:\\\/\\\/t-zertifikat.ch\\\/en\\\/#organization\"},\"potentialAction\":[{\"@type\":\"SearchAction\",\"target\":{\"@type\":\"EntryPoint\",\"urlTemplate\":\"https:\\\/\\\/t-zertifikat.ch\\\/en\\\/?s={search_term_string}\"},\"query-input\":{\"@type\":\"PropertyValueSpecification\",\"valueRequired\":true,\"valueName\":\"search_term_string\"}}],\"inLanguage\":\"en-US\"},{\"@type\":\"Organization\",\"@id\":\"https:\\\/\\\/t-zertifikat.ch\\\/en\\\/#organization\",\"name\":\"T-Zertifikat\",\"url\":\"https:\\\/\\\/t-zertifikat.ch\\\/en\\\/\",\"logo\":{\"@type\":\"ImageObject\",\"inLanguage\":\"en-US\",\"@id\":\"https:\\\/\\\/t-zertifikat.ch\\\/en\\\/#\\\/schema\\\/logo\\\/image\\\/\",\"url\":\"https:\\\/\\\/t-zertifikat.ch\\\/wp-content\\\/uploads\\\/2018\\\/08\\\/t-zertifikat-626.jpg\",\"contentUrl\":\"https:\\\/\\\/t-zertifikat.ch\\\/wp-content\\\/uploads\\\/2018\\\/08\\\/t-zertifikat-626.jpg\",\"width\":626,\"height\":175,\"caption\":\"T-Zertifikat\"},\"image\":{\"@id\":\"https:\\\/\\\/t-zertifikat.ch\\\/en\\\/#\\\/schema\\\/logo\\\/image\\\/\"}}]}<\/script>\n<!-- \/ Yoast SEO plugin. -->","yoast_head_json":{"title":"T-Zertifikat &#8226; Homepage","description":"The T-Certificate actively promotes transparency and quality assurance in medicine. Information for doctors, hospitals and patients.","robots":{"index":"index","follow":"follow","max-snippet":"max-snippet:-1","max-image-preview":"max-image-preview:large","max-video-preview":"max-video-preview:-1"},"canonical":"https:\/\/t-zertifikat.ch\/en\/","og_locale":"en_US","og_type":"article","og_title":"T-Zertifikat &#8226; Homepage","og_description":"The T-Certificate actively promotes transparency and quality assurance in medicine. Information for doctors, hospitals and patients.","og_url":"https:\/\/t-zertifikat.ch\/en\/","og_site_name":"T-Zertifikat","article_modified_time":"2020-11-27T14:34:08+00:00","twitter_card":"summary_large_image","twitter_misc":{"Est. reading time":"11 minutes"},"schema":{"@context":"https:\/\/schema.org","@graph":[{"@type":"WebPage","@id":"https:\/\/t-zertifikat.ch\/en\/","url":"https:\/\/t-zertifikat.ch\/en\/","name":"T-Zertifikat &#8226; Homepage","isPartOf":{"@id":"https:\/\/t-zertifikat.ch\/en\/#website"},"datePublished":"2020-11-27T14:29:04+00:00","dateModified":"2020-11-27T14:34:08+00:00","description":"The T-Certificate actively promotes transparency and quality assurance in medicine. Information for doctors, hospitals and patients.","breadcrumb":{"@id":"https:\/\/t-zertifikat.ch\/en\/#breadcrumb"},"inLanguage":"en-US","potentialAction":[{"@type":"ReadAction","target":["https:\/\/t-zertifikat.ch\/en\/"]}]},{"@type":"BreadcrumbList","@id":"https:\/\/t-zertifikat.ch\/en\/#breadcrumb","itemListElement":[{"@type":"ListItem","position":1,"name":"Startseite","item":"https:\/\/t-zertifikat.ch\/en\/"},{"@type":"ListItem","position":2,"name":"Home"}]},{"@type":"WebSite","@id":"https:\/\/t-zertifikat.ch\/en\/#website","url":"https:\/\/t-zertifikat.ch\/en\/","name":"T-Zertifikat","description":"f&uuml;r Transparenz und Qualit&auml;tssicherung in der Medizin","publisher":{"@id":"https:\/\/t-zertifikat.ch\/en\/#organization"},"potentialAction":[{"@type":"SearchAction","target":{"@type":"EntryPoint","urlTemplate":"https:\/\/t-zertifikat.ch\/en\/?s={search_term_string}"},"query-input":{"@type":"PropertyValueSpecification","valueRequired":true,"valueName":"search_term_string"}}],"inLanguage":"en-US"},{"@type":"Organization","@id":"https:\/\/t-zertifikat.ch\/en\/#organization","name":"T-Zertifikat","url":"https:\/\/t-zertifikat.ch\/en\/","logo":{"@type":"ImageObject","inLanguage":"en-US","@id":"https:\/\/t-zertifikat.ch\/en\/#\/schema\/logo\/image\/","url":"https:\/\/t-zertifikat.ch\/wp-content\/uploads\/2018\/08\/t-zertifikat-626.jpg","contentUrl":"https:\/\/t-zertifikat.ch\/wp-content\/uploads\/2018\/08\/t-zertifikat-626.jpg","width":626,"height":175,"caption":"T-Zertifikat"},"image":{"@id":"https:\/\/t-zertifikat.ch\/en\/#\/schema\/logo\/image\/"}}]}},"_links":{"self":[{"href":"https:\/\/t-zertifikat.ch\/en\/wp-json\/wp\/v2\/pages\/475"}],"collection":[{"href":"https:\/\/t-zertifikat.ch\/en\/wp-json\/wp\/v2\/pages"}],"about":[{"href":"https:\/\/t-zertifikat.ch\/en\/wp-json\/wp\/v2\/types\/page"}],"author":[{"embeddable":true,"href":"https:\/\/t-zertifikat.ch\/en\/wp-json\/wp\/v2\/users\/1"}],"replies":[{"embeddable":true,"href":"https:\/\/t-zertifikat.ch\/en\/wp-json\/wp\/v2\/comments?post=475"}],"version-history":[{"count":7,"href":"https:\/\/t-zertifikat.ch\/en\/wp-json\/wp\/v2\/pages\/475\/revisions"}],"predecessor-version":[{"id":500,"href":"https:\/\/t-zertifikat.ch\/en\/wp-json\/wp\/v2\/pages\/475\/revisions\/500"}],"wp:attachment":[{"href":"https:\/\/t-zertifikat.ch\/en\/wp-json\/wp\/v2\/media?parent=475"}],"curies":[{"name":"wp","href":"https:\/\/api.w.org\/{rel}","templated":true}]}}