{"id":461,"date":"2020-11-27T12:56:36","date_gmt":"2020-11-27T12:56:36","guid":{"rendered":"https:\/\/t-zertifikat.ch\/doctors\/"},"modified":"2020-11-27T12:56:41","modified_gmt":"2020-11-27T12:56:41","slug":"doctors","status":"publish","type":"page","link":"https:\/\/t-zertifikat.ch\/en\/doctors\/","title":{"rendered":"Doctors"},"content":{"rendered":"<p>[et_pb_section fb_built=&#8221;1&#8243; _builder_version=&#8221;3.22&#8243; custom_padding=&#8221;||0px|&#8221;][et_pb_row _builder_version=&#8221;3.25&#8243; background_size=&#8221;initial&#8221; background_position=&#8221;top_left&#8221; background_repeat=&#8221;repeat&#8221;][et_pb_column type=&#8221;4_4&#8243; _builder_version=&#8221;3.25&#8243; custom_padding=&#8221;|||&#8221; custom_padding__hover=&#8221;|||&#8221;][et_pb_image src=&#8221;https:\/\/t-zertifikat.ch\/wp-content\/uploads\/2018\/07\/klinik-team.jpg&#8221; alt=&#8221;Doctors on consultation&#8221; title_text=&#8221;Doctors on consultation&#8221; align_tablet=&#8221;center&#8221; align_phone=&#8221;&#8221; align_last_edited=&#8221;on|desktop&#8221; _builder_version=&#8221;3.23&#8243;][\/et_pb_image][\/et_pb_column][\/et_pb_row][\/et_pb_section][et_pb_section fb_built=&#8221;1&#8243; _builder_version=&#8221;3.22&#8243;][et_pb_row _builder_version=&#8221;3.25&#8243; background_size=&#8221;initial&#8221; background_position=&#8221;top_left&#8221; background_repeat=&#8221;repeat&#8221;][et_pb_column type=&#8221;4_4&#8243; _builder_version=&#8221;3.25&#8243; custom_padding=&#8221;|||&#8221; custom_padding__hover=&#8221;|||&#8221;][et_pb_text admin_label=&#8221;Headline&#8221; _builder_version=&#8221;4.0.9&#8243; text_font=&#8221;Lato|700|||||||&#8221; header_font=&#8221;Lato|700||on|||||&#8221; header_text_color=&#8221;#939acd&#8221; header_letter_spacing=&#8221;1px&#8221; border_radii=&#8221;|0px|0px|0px|0px&#8221; border_width_bottom=&#8221;2px&#8221; border_color_bottom=&#8221;#939acd&#8221;]<\/p>\n<h1>For Doctors<\/h1>\n<p>[\/et_pb_text][et_pb_text _builder_version=&#8221;3.27.4&#8243;]<\/p>\n<div class=\"entry-content\">\n<p>Patients want to be treated by a doctor and cared for by a clinic that strives not only for high-quality work, but takes active measures to ensure quality assurance and high standards of indication. We developed the T-Certificate to enable clinics to demonstrate this commitment.<\/p>\n<p>The T-Certificate is awarded to those hospital clinics, specialty departments and medical practices that are proactively committed to quality in indications and to the active collection and evaluation of quality assurance data.<\/p>\n<h2>What is the T-certificate for?<\/h2>\n<ul>\n<li>The T-certificate is a visible proof of your quality work and gives you a market advantage with the patients<\/li>\n<li>The T-Certificate strengthens your internal focus on quality and provides valuable information for improvements<\/li>\n<li>The T-Certificate strengthens your position with regard to financiers and other stakeholders<\/li>\n<\/ul>\n<p>Institutions certified by the T-Certificate can clearly communicate both externally and internally that they act transparently and proactively in the area of indication and outcome measurement and that they constantly improve through this self-reflection process.<\/p>\n<\/div>\n<p>[\/et_pb_text][\/et_pb_column][\/et_pb_row][\/et_pb_section][et_pb_section fb_built=&#8221;1&#8243; _builder_version=&#8221;3.22&#8243; border_width_top=&#8221;2px&#8221; border_color_top=&#8221;#939acd&#8221; border_width_bottom=&#8221;2px&#8221; border_color_bottom=&#8221;#939acd&#8221;][et_pb_row column_structure=&#8221;2_3,1_3&#8243; _builder_version=&#8221;3.25&#8243; background_size=&#8221;initial&#8221; background_position=&#8221;top_left&#8221; background_repeat=&#8221;repeat&#8221;][et_pb_column type=&#8221;2_3&#8243; _builder_version=&#8221;3.25&#8243; custom_padding=&#8221;|||&#8221; custom_padding__hover=&#8221;|||&#8221;][et_pb_text admin_label=&#8221;Weitere Informationen&#8221; _builder_version=&#8221;3.27.4&#8243; header_3_font_size=&#8221;26px&#8221; header_3_line_height=&#8221;1.3em&#8221; custom_padding=&#8221;60px||20px|&#8221;]<\/p>\n<div class=\"entry-content\">\n<h3>Please refer to the <strong>SGS flyer<\/strong> for further information:<\/h3>\n<\/div>\n<p>[\/et_pb_text][\/et_pb_column][et_pb_column type=&#8221;1_3&#8243; _builder_version=&#8221;3.25&#8243; custom_padding=&#8221;|||&#8221; custom_padding__hover=&#8221;|||&#8221;][et_pb_image src=&#8221;https:\/\/t-zertifikat.ch\/wp-content\/uploads\/2018\/08\/titelblatt-sgs-flyer.png&#8221; url=&#8221;https:\/\/t-zertifikat.ch\/wp-content\/uploads\/2018\/08\/SGS-T-Zertifizierung-DE_18-02_RGB-1.pdf&#8221; url_new_window=&#8221;on&#8221; use_overlay=&#8221;on&#8221; overlay_icon_color=&#8221;rgba(45,45,45,0.51)&#8221; hover_overlay_color=&#8221;rgba(208,214,255,0.6)&#8221; hover_icon=&#8221;%%26%%&#8221; align_tablet=&#8221;center&#8221; align_phone=&#8221;&#8221; align_last_edited=&#8221;on|desktop&#8221; _builder_version=&#8221;3.23&#8243; border_width_all=&#8221;1px&#8221; border_color_all=&#8221;#939acd&#8221;][\/et_pb_image][\/et_pb_column][\/et_pb_row][\/et_pb_section][et_pb_section fb_built=&#8221;1&#8243; _builder_version=&#8221;3.22&#8243; custom_margin=&#8221;0px|||&#8221; custom_padding=&#8221;0px|||&#8221;][et_pb_row _builder_version=&#8221;3.25&#8243; custom_padding=&#8221;50px|||&#8221;][et_pb_column type=&#8221;4_4&#8243; _builder_version=&#8221;3.25&#8243; custom_padding=&#8221;|||&#8221; custom_padding__hover=&#8221;|||&#8221;][et_pb_text admin_label=&#8221;Interesse am T-Zertifikat&#8221; _builder_version=&#8221;3.27.4&#8243; header_2_font=&#8221;|700||on|||||&#8221; header_3_font=&#8221;|600|||||||&#8221; border_width_bottom=&#8221;2px&#8221; border_color_bottom=&#8221;#939acd&#8221;]<\/p>\n<h2>Interested in the T-Certificate or have questions?<\/h2>\n<p>[\/et_pb_text][et_pb_text _builder_version=&#8221;3.27.4&#8243;]The <a href=\"https:\/\/www.sgs.ch\/\" target=\"_blank\" rel=\"noopener noreferrer\">SGS (Soci\u00e9t\u00e9 G\u00e9n\u00e9rale de Surveillance)<\/a> public limited company is in charge of the organisation of the audit and is at your disposal for further information.<br \/>\n[\/et_pb_text][\/et_pb_column][\/et_pb_row][et_pb_row column_structure=&#8221;1_2,1_2&#8243; module_id=&#8221;kooperationen&#8221; _builder_version=&#8221;3.25&#8243;][et_pb_column type=&#8221;1_2&#8243; _builder_version=&#8221;3.25&#8243; custom_padding=&#8221;|||&#8221; custom_padding__hover=&#8221;|||&#8221;][et_pb_text admin_label=&#8221;Kontakt&#8221; _builder_version=&#8221;3.27.4&#8243; header_2_font=&#8221;|700||on|||||&#8221;]<\/p>\n<h3>How to Apply<\/h3>\n<p>Please download the <a href=\"https:\/\/t-zertifikat.ch\/wp-content\/uploads\/2018\/08\/anme1808anmeldung_t_zertifizierung_v1.4.1.pdf\">application form for the T-Certificate<\/a> and send \/ fax it filled in and signed to<\/p>\n<p><strong>SGS Soci\u00e9t\u00e9 G\u00e9n\u00e9rale de Surveillance SA<\/strong><br \/>\nZ.Hd. Frau Elvira Bieri<br \/>\nTechnoparkstrasse 1 &#8211; CH 8005 Z\u00fcrich<br \/>\nTelefon +41 44 445 16 80<br \/>\nFax +41 44 445 16 88<\/p>\n<p>&nbsp;<\/p>\n<p>&nbsp;<br \/>\n[\/et_pb_text][\/et_pb_column][et_pb_column type=&#8221;1_2&#8243; _builder_version=&#8221;3.25&#8243; custom_padding=&#8221;|||&#8221; custom_padding__hover=&#8221;|||&#8221;][et_pb_text admin_label=&#8221;Kontakt&#8221; _builder_version=&#8221;3.27.4&#8243; header_2_font=&#8221;|700||on|||||&#8221;]<\/p>\n<h3>Contact<\/h3>\n<p>For questions by e-mail please use the contact form below<br \/>\n[\/et_pb_text][et_pb_contact_form email=&#8221;&#x69;n&#x66;&#111;&#x40;&#116;&#x2d;&#x73;t&#x69;&#102;&#x74;&#117;&#x6e;&#103;&#46;&#x63;&#104;&#8221; success_message=&#8221;Thank you very much for your message. We will be in touch with you shortly.&#8221; submit_button_text=&#8221;Send now&#8221; module_id=&#8221;et_pb_contact_form_0&#8243; _builder_version=&#8221;4.0.9&#8243; form_field_background_color=&#8221;#ffffff&#8221; form_field_text_color=&#8221;#2d2d2d&#8221; title_level=&#8221;h3&#8243; form_field_font=&#8221;|600|||||||&#8221; form_field_font_size=&#8221;16&#8243; custom_button=&#8221;on&#8221; button_text_color=&#8221;#ffffff&#8221; button_bg_color=&#8221;#939acd&#8221; button_border_width=&#8221;3&#8243; button_font=&#8221;|700|||||||&#8221; button_icon=&#8221;%%20%%&#8221; button_icon_color=&#8221;#2d2d2d&#8221; custom_margin=&#8221;0px|||&#8221; custom_padding=&#8221;0px|||&#8221; hover_enabled=&#8221;0&#8243; border_width_all=&#8221;3px&#8221; border_color_all=&#8221;#939acd&#8221; form_background_color=&#8221;#ffffff&#8221; button_text_color_hover=&#8221;#2d2d2d&#8221; button_bg_color_hover=&#8221;#ffffff&#8221; button_border_color_hover=&#8221;#939acd&#8221; button_letter_spacing_hover=&#8221;1&#8243; use_spam_service=&#8221;on&#8221; recaptcha_list=&#8221;T-Zertifikat|T-Zertifikat-0&#8243;][et_pb_contact_field field_id=&#8221;Name&#8221; field_title=&#8221;Name&#8221; _builder_version=&#8221;3.16&#8243; button_text_size__hover_enabled=&#8221;off&#8221; button_one_text_size__hover_enabled=&#8221;off&#8221; button_two_text_size__hover_enabled=&#8221;off&#8221; button_text_color__hover_enabled=&#8221;off&#8221; button_one_text_color__hover_enabled=&#8221;off&#8221; button_two_text_color__hover_enabled=&#8221;off&#8221; button_border_width__hover_enabled=&#8221;off&#8221; button_one_border_width__hover_enabled=&#8221;off&#8221; button_two_border_width__hover_enabled=&#8221;off&#8221; button_border_color__hover_enabled=&#8221;off&#8221; button_one_border_color__hover_enabled=&#8221;off&#8221; button_two_border_color__hover_enabled=&#8221;off&#8221; button_border_radius__hover_enabled=&#8221;off&#8221; button_one_border_radius__hover_enabled=&#8221;off&#8221; button_two_border_radius__hover_enabled=&#8221;off&#8221; button_letter_spacing__hover_enabled=&#8221;off&#8221; button_one_letter_spacing__hover_enabled=&#8221;off&#8221; button_two_letter_spacing__hover_enabled=&#8221;off&#8221; button_bg_color__hover_enabled=&#8221;off&#8221; button_one_bg_color__hover_enabled=&#8221;off&#8221; button_two_bg_color__hover_enabled=&#8221;off&#8221;][\/et_pb_contact_field][et_pb_contact_field field_id=&#8221;Email&#8221; field_title=&#8221;E-Mail Adress&#8221; field_type=&#8221;email&#8221; _builder_version=&#8221;3.16&#8243; button_text_size__hover_enabled=&#8221;off&#8221; button_one_text_size__hover_enabled=&#8221;off&#8221; button_two_text_size__hover_enabled=&#8221;off&#8221; button_text_color__hover_enabled=&#8221;off&#8221; button_one_text_color__hover_enabled=&#8221;off&#8221; button_two_text_color__hover_enabled=&#8221;off&#8221; button_border_width__hover_enabled=&#8221;off&#8221; button_one_border_width__hover_enabled=&#8221;off&#8221; button_two_border_width__hover_enabled=&#8221;off&#8221; button_border_color__hover_enabled=&#8221;off&#8221; button_one_border_color__hover_enabled=&#8221;off&#8221; button_two_border_color__hover_enabled=&#8221;off&#8221; button_border_radius__hover_enabled=&#8221;off&#8221; button_one_border_radius__hover_enabled=&#8221;off&#8221; button_two_border_radius__hover_enabled=&#8221;off&#8221; button_letter_spacing__hover_enabled=&#8221;off&#8221; button_one_letter_spacing__hover_enabled=&#8221;off&#8221; button_two_letter_spacing__hover_enabled=&#8221;off&#8221; button_bg_color__hover_enabled=&#8221;off&#8221; button_one_bg_color__hover_enabled=&#8221;off&#8221; button_two_bg_color__hover_enabled=&#8221;off&#8221;][\/et_pb_contact_field][et_pb_contact_field field_id=&#8221;Message&#8221; field_title=&#8221;Message&#8221; field_type=&#8221;text&#8221; fullwidth_field=&#8221;on&#8221; _builder_version=&#8221;3.16&#8243; button_text_size__hover_enabled=&#8221;off&#8221; button_one_text_size__hover_enabled=&#8221;off&#8221; button_two_text_size__hover_enabled=&#8221;off&#8221; button_text_color__hover_enabled=&#8221;off&#8221; button_one_text_color__hover_enabled=&#8221;off&#8221; button_two_text_color__hover_enabled=&#8221;off&#8221; button_border_width__hover_enabled=&#8221;off&#8221; button_one_border_width__hover_enabled=&#8221;off&#8221; button_two_border_width__hover_enabled=&#8221;off&#8221; button_border_color__hover_enabled=&#8221;off&#8221; button_one_border_color__hover_enabled=&#8221;off&#8221; button_two_border_color__hover_enabled=&#8221;off&#8221; button_border_radius__hover_enabled=&#8221;off&#8221; button_one_border_radius__hover_enabled=&#8221;off&#8221; button_two_border_radius__hover_enabled=&#8221;off&#8221; button_letter_spacing__hover_enabled=&#8221;off&#8221; button_one_letter_spacing__hover_enabled=&#8221;off&#8221; button_two_letter_spacing__hover_enabled=&#8221;off&#8221; button_bg_color__hover_enabled=&#8221;off&#8221; button_one_bg_color__hover_enabled=&#8221;off&#8221; button_two_bg_color__hover_enabled=&#8221;off&#8221;][\/et_pb_contact_field][\/et_pb_contact_form][\/et_pb_column][\/et_pb_row][\/et_pb_section]<\/p>\n","protected":false},"excerpt":{"rendered":"<p>For Doctors Patients want to be treated by a doctor and cared for by a clinic that strives not only for high-quality work, but takes active measures to ensure quality assurance and high standards of indication. We developed the T-Certificate to enable clinics to demonstrate this commitment. The T-Certificate is awarded to those hospital clinics, [&hellip;]<\/p>\n","protected":false},"author":1,"featured_media":0,"parent":0,"menu_order":0,"comment_status":"closed","ping_status":"closed","template":"","meta":{"_et_pb_use_builder":"on","_et_pb_old_content":"","_et_gb_content_width":"","footnotes":""},"class_list":["post-461","page","type-page","status-publish","hentry"],"yoast_head":"<!-- This site is optimized with the Yoast SEO plugin v27.4 - https:\/\/yoast.com\/product\/yoast-seo-wordpress\/ -->\n<title>Information for Doctors% % &#8226;% %%sitename%<\/title>\n<meta name=\"description\" content=\"Information about the T-Certificate for doctors. What is the certificate for and how can your institute be certified?\" \/>\n<meta name=\"robots\" content=\"index, follow, max-snippet:-1, max-image-preview:large, max-video-preview:-1\" \/>\n<link rel=\"canonical\" href=\"https:\/\/t-zertifikat.ch\/en\/doctors\/\" \/>\n<meta property=\"og:locale\" content=\"en_US\" \/>\n<meta property=\"og:type\" content=\"article\" \/>\n<meta property=\"og:title\" content=\"Information for Doctors% % &#8226;% %%sitename%\" \/>\n<meta property=\"og:description\" content=\"Information about the T-Certificate for doctors. What is the certificate for and how can your institute be certified?\" \/>\n<meta property=\"og:url\" content=\"https:\/\/t-zertifikat.ch\/en\/doctors\/\" \/>\n<meta property=\"og:site_name\" content=\"T-Zertifikat\" \/>\n<meta property=\"article:modified_time\" content=\"2020-11-27T12:56:41+00:00\" \/>\n<meta name=\"twitter:card\" content=\"summary_large_image\" \/>\n<meta name=\"twitter:label1\" content=\"Est. reading time\" \/>\n\t<meta name=\"twitter:data1\" content=\"7 minutes\" \/>\n<script type=\"application\/ld+json\" class=\"yoast-schema-graph\">{\"@context\":\"https:\\\/\\\/schema.org\",\"@graph\":[{\"@type\":\"WebPage\",\"@id\":\"https:\\\/\\\/t-zertifikat.ch\\\/en\\\/doctors\\\/\",\"url\":\"https:\\\/\\\/t-zertifikat.ch\\\/en\\\/doctors\\\/\",\"name\":\"Information for Doctors% % &#8226;% %%sitename%\",\"isPartOf\":{\"@id\":\"https:\\\/\\\/t-zertifikat.ch\\\/en\\\/#website\"},\"datePublished\":\"2020-11-27T12:56:36+00:00\",\"dateModified\":\"2020-11-27T12:56:41+00:00\",\"description\":\"Information about the T-Certificate for doctors. What is the certificate for and how can your institute be certified?\",\"breadcrumb\":{\"@id\":\"https:\\\/\\\/t-zertifikat.ch\\\/en\\\/doctors\\\/#breadcrumb\"},\"inLanguage\":\"en-US\",\"potentialAction\":[{\"@type\":\"ReadAction\",\"target\":[\"https:\\\/\\\/t-zertifikat.ch\\\/en\\\/doctors\\\/\"]}]},{\"@type\":\"BreadcrumbList\",\"@id\":\"https:\\\/\\\/t-zertifikat.ch\\\/en\\\/doctors\\\/#breadcrumb\",\"itemListElement\":[{\"@type\":\"ListItem\",\"position\":1,\"name\":\"Startseite\",\"item\":\"https:\\\/\\\/t-zertifikat.ch\\\/en\\\/\"},{\"@type\":\"ListItem\",\"position\":2,\"name\":\"Doctors\"}]},{\"@type\":\"WebSite\",\"@id\":\"https:\\\/\\\/t-zertifikat.ch\\\/en\\\/#website\",\"url\":\"https:\\\/\\\/t-zertifikat.ch\\\/en\\\/\",\"name\":\"T-Zertifikat\",\"description\":\"f&uuml;r Transparenz und Qualit&auml;tssicherung in der Medizin\",\"publisher\":{\"@id\":\"https:\\\/\\\/t-zertifikat.ch\\\/en\\\/#organization\"},\"potentialAction\":[{\"@type\":\"SearchAction\",\"target\":{\"@type\":\"EntryPoint\",\"urlTemplate\":\"https:\\\/\\\/t-zertifikat.ch\\\/en\\\/?s={search_term_string}\"},\"query-input\":{\"@type\":\"PropertyValueSpecification\",\"valueRequired\":true,\"valueName\":\"search_term_string\"}}],\"inLanguage\":\"en-US\"},{\"@type\":\"Organization\",\"@id\":\"https:\\\/\\\/t-zertifikat.ch\\\/en\\\/#organization\",\"name\":\"T-Zertifikat\",\"url\":\"https:\\\/\\\/t-zertifikat.ch\\\/en\\\/\",\"logo\":{\"@type\":\"ImageObject\",\"inLanguage\":\"en-US\",\"@id\":\"https:\\\/\\\/t-zertifikat.ch\\\/en\\\/#\\\/schema\\\/logo\\\/image\\\/\",\"url\":\"https:\\\/\\\/t-zertifikat.ch\\\/wp-content\\\/uploads\\\/2018\\\/08\\\/t-zertifikat-626.jpg\",\"contentUrl\":\"https:\\\/\\\/t-zertifikat.ch\\\/wp-content\\\/uploads\\\/2018\\\/08\\\/t-zertifikat-626.jpg\",\"width\":626,\"height\":175,\"caption\":\"T-Zertifikat\"},\"image\":{\"@id\":\"https:\\\/\\\/t-zertifikat.ch\\\/en\\\/#\\\/schema\\\/logo\\\/image\\\/\"}}]}<\/script>\n<!-- \/ Yoast SEO plugin. -->","yoast_head_json":{"title":"Information for Doctors% % &#8226;% %%sitename%","description":"Information about the T-Certificate for doctors. What is the certificate for and how can your institute be certified?","robots":{"index":"index","follow":"follow","max-snippet":"max-snippet:-1","max-image-preview":"max-image-preview:large","max-video-preview":"max-video-preview:-1"},"canonical":"https:\/\/t-zertifikat.ch\/en\/doctors\/","og_locale":"en_US","og_type":"article","og_title":"Information for Doctors% % &#8226;% %%sitename%","og_description":"Information about the T-Certificate for doctors. What is the certificate for and how can your institute be certified?","og_url":"https:\/\/t-zertifikat.ch\/en\/doctors\/","og_site_name":"T-Zertifikat","article_modified_time":"2020-11-27T12:56:41+00:00","twitter_card":"summary_large_image","twitter_misc":{"Est. reading time":"7 minutes"},"schema":{"@context":"https:\/\/schema.org","@graph":[{"@type":"WebPage","@id":"https:\/\/t-zertifikat.ch\/en\/doctors\/","url":"https:\/\/t-zertifikat.ch\/en\/doctors\/","name":"Information for Doctors% % &#8226;% %%sitename%","isPartOf":{"@id":"https:\/\/t-zertifikat.ch\/en\/#website"},"datePublished":"2020-11-27T12:56:36+00:00","dateModified":"2020-11-27T12:56:41+00:00","description":"Information about the T-Certificate for doctors. What is the certificate for and how can your institute be certified?","breadcrumb":{"@id":"https:\/\/t-zertifikat.ch\/en\/doctors\/#breadcrumb"},"inLanguage":"en-US","potentialAction":[{"@type":"ReadAction","target":["https:\/\/t-zertifikat.ch\/en\/doctors\/"]}]},{"@type":"BreadcrumbList","@id":"https:\/\/t-zertifikat.ch\/en\/doctors\/#breadcrumb","itemListElement":[{"@type":"ListItem","position":1,"name":"Startseite","item":"https:\/\/t-zertifikat.ch\/en\/"},{"@type":"ListItem","position":2,"name":"Doctors"}]},{"@type":"WebSite","@id":"https:\/\/t-zertifikat.ch\/en\/#website","url":"https:\/\/t-zertifikat.ch\/en\/","name":"T-Zertifikat","description":"f&uuml;r Transparenz und Qualit&auml;tssicherung in der Medizin","publisher":{"@id":"https:\/\/t-zertifikat.ch\/en\/#organization"},"potentialAction":[{"@type":"SearchAction","target":{"@type":"EntryPoint","urlTemplate":"https:\/\/t-zertifikat.ch\/en\/?s={search_term_string}"},"query-input":{"@type":"PropertyValueSpecification","valueRequired":true,"valueName":"search_term_string"}}],"inLanguage":"en-US"},{"@type":"Organization","@id":"https:\/\/t-zertifikat.ch\/en\/#organization","name":"T-Zertifikat","url":"https:\/\/t-zertifikat.ch\/en\/","logo":{"@type":"ImageObject","inLanguage":"en-US","@id":"https:\/\/t-zertifikat.ch\/en\/#\/schema\/logo\/image\/","url":"https:\/\/t-zertifikat.ch\/wp-content\/uploads\/2018\/08\/t-zertifikat-626.jpg","contentUrl":"https:\/\/t-zertifikat.ch\/wp-content\/uploads\/2018\/08\/t-zertifikat-626.jpg","width":626,"height":175,"caption":"T-Zertifikat"},"image":{"@id":"https:\/\/t-zertifikat.ch\/en\/#\/schema\/logo\/image\/"}}]}},"_links":{"self":[{"href":"https:\/\/t-zertifikat.ch\/en\/wp-json\/wp\/v2\/pages\/461"}],"collection":[{"href":"https:\/\/t-zertifikat.ch\/en\/wp-json\/wp\/v2\/pages"}],"about":[{"href":"https:\/\/t-zertifikat.ch\/en\/wp-json\/wp\/v2\/types\/page"}],"author":[{"embeddable":true,"href":"https:\/\/t-zertifikat.ch\/en\/wp-json\/wp\/v2\/users\/1"}],"replies":[{"embeddable":true,"href":"https:\/\/t-zertifikat.ch\/en\/wp-json\/wp\/v2\/comments?post=461"}],"version-history":[{"count":5,"href":"https:\/\/t-zertifikat.ch\/en\/wp-json\/wp\/v2\/pages\/461\/revisions"}],"predecessor-version":[{"id":466,"href":"https:\/\/t-zertifikat.ch\/en\/wp-json\/wp\/v2\/pages\/461\/revisions\/466"}],"wp:attachment":[{"href":"https:\/\/t-zertifikat.ch\/en\/wp-json\/wp\/v2\/media?parent=461"}],"curies":[{"name":"wp","href":"https:\/\/api.w.org\/{rel}","templated":true}]}}